{"id":115,"date":"2023-09-30T16:20:45","date_gmt":"2023-09-30T14:20:45","guid":{"rendered":"https:\/\/junesthaicooking.ch\/?page_id=115"},"modified":"2024-09-21T23:29:28","modified_gmt":"2024-09-21T21:29:28","slug":"catering","status":"publish","type":"page","link":"https:\/\/junesthaicooking.ch\/index.php\/catering\/","title":{"rendered":"Catering"},"content":{"rendered":"\n<p>Planen Sie einen Vereinsanlass, z.B. ein Sportturnier an einem Wochenende? Oder ein Jubil\u00e4umsfest? Suchen Sie nach dem passenden Essen f\u00fcr Ihren Firmenanlass? Was immer es ist &#8211; wir sind f\u00fcr Sie da: Von der Planung des Menus \u00fcber die Organisation der notwendigen Infrastruktur und das Zubereiten und Servieren der Gerichte.<\/p>\n\n\n\n<p><a href=\"https:\/\/junesthaicooking.ch\/index.php\/contact\/\" data-type=\"page\" data-id=\"12\">Kontaktieren Sie uns<\/a> und lassen Sie sich von uns bei der Planung Ihres Anlasses beraten &#8211; wir sind gerne f\u00fcr Sie da!<\/p>\n","protected":false},"excerpt":{"rendered":"<p>Planen Sie einen Vereinsanlass, z.B. ein Sportturnier an einem Wochenende? Oder ein Jubil\u00e4umsfest? Suchen Sie nach dem passenden Essen f\u00fcr Ihren Firmenanlass? Was immer es ist &#8211; wir sind f\u00fcr Sie da: Von der Planung des Menus \u00fcber die Organisation der notwendigen Infrastruktur und das Zubereiten und Servieren der Gerichte. Kontaktieren Sie uns und lassen &hellip; <\/p>\n<p class=\"link-more\"><a href=\"https:\/\/junesthaicooking.ch\/index.php\/catering\/\" class=\"more-link\"><span class=\"screen-reader-text\">&#171;Catering&#187;<\/span> weiterlesen<\/a><\/p>\n","protected":false},"author":1,"featured_media":49,"parent":0,"menu_order":0,"comment_status":"closed","ping_status":"closed","template":"","meta":{"om_disable_all_campaigns":false,"_monsterinsights_skip_tracking":false,"_monsterinsights_sitenote_active":false,"_monsterinsights_sitenote_note":"","_monsterinsights_sitenote_category":0,"_uf_show_specific_survey":0,"_uf_disable_surveys":false,"footnotes":""},"class_list":["post-115","page","type-page","status-publish","has-post-thumbnail","hentry"],"yoast_head":"<!-- This site is optimized with the Yoast SEO plugin v27.3 - https:\/\/yoast.com\/product\/yoast-seo-wordpress\/ -->\n<title>Catering - June&#039;s Thai Cooking<\/title>\n<meta name=\"robots\" content=\"index, follow, max-snippet:-1, max-image-preview:large, max-video-preview:-1\" \/>\n<link rel=\"canonical\" href=\"https:\/\/junesthaicooking.ch\/index.php\/catering\/\" \/>\n<meta property=\"og:locale\" content=\"de_DE\" \/>\n<meta property=\"og:type\" content=\"article\" \/>\n<meta property=\"og:title\" content=\"Catering - June&#039;s Thai Cooking\" \/>\n<meta property=\"og:description\" content=\"Planen Sie einen Vereinsanlass, z.B. ein Sportturnier an einem Wochenende? Oder ein Jubil\u00e4umsfest? Suchen Sie nach dem passenden Essen f\u00fcr Ihren Firmenanlass? Was immer es ist &#8211; wir sind f\u00fcr Sie da: Von der Planung des Menus \u00fcber die Organisation der notwendigen Infrastruktur und das Zubereiten und Servieren der Gerichte. Kontaktieren Sie uns und lassen &hellip; &quot;Catering&quot; weiterlesen\" \/>\n<meta property=\"og:url\" content=\"https:\/\/junesthaicooking.ch\/index.php\/catering\/\" \/>\n<meta property=\"og:site_name\" content=\"June&#039;s Thai Cooking\" \/>\n<meta property=\"article:modified_time\" content=\"2024-09-21T21:29:28+00:00\" \/>\n<meta property=\"og:image\" content=\"https:\/\/junesthaicooking.ch\/wp-content\/uploads\/2023\/09\/Thai-Gericht-1.jpg\" \/>\n\t<meta property=\"og:image:width\" content=\"969\" \/>\n\t<meta property=\"og:image:height\" content=\"640\" \/>\n\t<meta property=\"og:image:type\" content=\"image\/jpeg\" \/>\n<meta name=\"twitter:card\" content=\"summary_large_image\" \/>\n<meta name=\"twitter:label1\" content=\"Gesch\u00e4tzte Lesezeit\" \/>\n\t<meta name=\"twitter:data1\" content=\"1\u00a0Minute\" \/>\n<script type=\"application\/ld+json\" class=\"yoast-schema-graph\">{\"@context\":\"https:\\\/\\\/schema.org\",\"@graph\":[{\"@type\":\"WebPage\",\"@id\":\"https:\\\/\\\/junesthaicooking.ch\\\/index.php\\\/catering\\\/\",\"url\":\"https:\\\/\\\/junesthaicooking.ch\\\/index.php\\\/catering\\\/\",\"name\":\"Catering - June&#039;s Thai Cooking\",\"isPartOf\":{\"@id\":\"https:\\\/\\\/junesthaicooking.ch\\\/#website\"},\"primaryImageOfPage\":{\"@id\":\"https:\\\/\\\/junesthaicooking.ch\\\/index.php\\\/catering\\\/#primaryimage\"},\"image\":{\"@id\":\"https:\\\/\\\/junesthaicooking.ch\\\/index.php\\\/catering\\\/#primaryimage\"},\"thumbnailUrl\":\"https:\\\/\\\/junesthaicooking.ch\\\/wp-content\\\/uploads\\\/2023\\\/09\\\/Thai-Gericht-1.jpg\",\"datePublished\":\"2023-09-30T14:20:45+00:00\",\"dateModified\":\"2024-09-21T21:29:28+00:00\",\"breadcrumb\":{\"@id\":\"https:\\\/\\\/junesthaicooking.ch\\\/index.php\\\/catering\\\/#breadcrumb\"},\"inLanguage\":\"de-CH\",\"potentialAction\":[{\"@type\":\"ReadAction\",\"target\":[\"https:\\\/\\\/junesthaicooking.ch\\\/index.php\\\/catering\\\/\"]}]},{\"@type\":\"ImageObject\",\"inLanguage\":\"de-CH\",\"@id\":\"https:\\\/\\\/junesthaicooking.ch\\\/index.php\\\/catering\\\/#primaryimage\",\"url\":\"https:\\\/\\\/junesthaicooking.ch\\\/wp-content\\\/uploads\\\/2023\\\/09\\\/Thai-Gericht-1.jpg\",\"contentUrl\":\"https:\\\/\\\/junesthaicooking.ch\\\/wp-content\\\/uploads\\\/2023\\\/09\\\/Thai-Gericht-1.jpg\",\"width\":969,\"height\":640},{\"@type\":\"BreadcrumbList\",\"@id\":\"https:\\\/\\\/junesthaicooking.ch\\\/index.php\\\/catering\\\/#breadcrumb\",\"itemListElement\":[{\"@type\":\"ListItem\",\"position\":1,\"name\":\"Startseite\",\"item\":\"https:\\\/\\\/junesthaicooking.ch\\\/\"},{\"@type\":\"ListItem\",\"position\":2,\"name\":\"Catering\"}]},{\"@type\":\"WebSite\",\"@id\":\"https:\\\/\\\/junesthaicooking.ch\\\/#website\",\"url\":\"https:\\\/\\\/junesthaicooking.ch\\\/\",\"name\":\"June's Thai Cooking\",\"description\":\"Kochkurse - Private Dining - Catering\",\"publisher\":{\"@id\":\"https:\\\/\\\/junesthaicooking.ch\\\/#organization\"},\"potentialAction\":[{\"@type\":\"SearchAction\",\"target\":{\"@type\":\"EntryPoint\",\"urlTemplate\":\"https:\\\/\\\/junesthaicooking.ch\\\/?s={search_term_string}\"},\"query-input\":{\"@type\":\"PropertyValueSpecification\",\"valueRequired\":true,\"valueName\":\"search_term_string\"}}],\"inLanguage\":\"de-CH\"},{\"@type\":\"Organization\",\"@id\":\"https:\\\/\\\/junesthaicooking.ch\\\/#organization\",\"name\":\"June's Thai Cooking\",\"url\":\"https:\\\/\\\/junesthaicooking.ch\\\/\",\"logo\":{\"@type\":\"ImageObject\",\"inLanguage\":\"de-CH\",\"@id\":\"https:\\\/\\\/junesthaicooking.ch\\\/#\\\/schema\\\/logo\\\/image\\\/\",\"url\":\"https:\\\/\\\/junesthaicooking.ch\\\/wp-content\\\/uploads\\\/2023\\\/09\\\/cropped-JTC-Logo-fur-Website-1.jpg\",\"contentUrl\":\"https:\\\/\\\/junesthaicooking.ch\\\/wp-content\\\/uploads\\\/2023\\\/09\\\/cropped-JTC-Logo-fur-Website-1.jpg\",\"width\":250,\"height\":250,\"caption\":\"June's Thai Cooking\"},\"image\":{\"@id\":\"https:\\\/\\\/junesthaicooking.ch\\\/#\\\/schema\\\/logo\\\/image\\\/\"},\"sameAs\":[\"https:\\\/\\\/www.instagram.com\\\/junesthaicooking\"]}]}<\/script>\n<!-- \/ Yoast SEO plugin. -->","yoast_head_json":{"title":"Catering - June&#039;s Thai Cooking","robots":{"index":"index","follow":"follow","max-snippet":"max-snippet:-1","max-image-preview":"max-image-preview:large","max-video-preview":"max-video-preview:-1"},"canonical":"https:\/\/junesthaicooking.ch\/index.php\/catering\/","og_locale":"de_DE","og_type":"article","og_title":"Catering - June&#039;s Thai Cooking","og_description":"Planen Sie einen Vereinsanlass, z.B. ein Sportturnier an einem Wochenende? Oder ein Jubil\u00e4umsfest? Suchen Sie nach dem passenden Essen f\u00fcr Ihren Firmenanlass? Was immer es ist &#8211; wir sind f\u00fcr Sie da: Von der Planung des Menus \u00fcber die Organisation der notwendigen Infrastruktur und das Zubereiten und Servieren der Gerichte. Kontaktieren Sie uns und lassen &hellip; \"Catering\" weiterlesen","og_url":"https:\/\/junesthaicooking.ch\/index.php\/catering\/","og_site_name":"June&#039;s Thai Cooking","article_modified_time":"2024-09-21T21:29:28+00:00","og_image":[{"width":969,"height":640,"url":"https:\/\/junesthaicooking.ch\/wp-content\/uploads\/2023\/09\/Thai-Gericht-1.jpg","type":"image\/jpeg"}],"twitter_card":"summary_large_image","twitter_misc":{"Gesch\u00e4tzte Lesezeit":"1\u00a0Minute"},"schema":{"@context":"https:\/\/schema.org","@graph":[{"@type":"WebPage","@id":"https:\/\/junesthaicooking.ch\/index.php\/catering\/","url":"https:\/\/junesthaicooking.ch\/index.php\/catering\/","name":"Catering - June&#039;s Thai Cooking","isPartOf":{"@id":"https:\/\/junesthaicooking.ch\/#website"},"primaryImageOfPage":{"@id":"https:\/\/junesthaicooking.ch\/index.php\/catering\/#primaryimage"},"image":{"@id":"https:\/\/junesthaicooking.ch\/index.php\/catering\/#primaryimage"},"thumbnailUrl":"https:\/\/junesthaicooking.ch\/wp-content\/uploads\/2023\/09\/Thai-Gericht-1.jpg","datePublished":"2023-09-30T14:20:45+00:00","dateModified":"2024-09-21T21:29:28+00:00","breadcrumb":{"@id":"https:\/\/junesthaicooking.ch\/index.php\/catering\/#breadcrumb"},"inLanguage":"de-CH","potentialAction":[{"@type":"ReadAction","target":["https:\/\/junesthaicooking.ch\/index.php\/catering\/"]}]},{"@type":"ImageObject","inLanguage":"de-CH","@id":"https:\/\/junesthaicooking.ch\/index.php\/catering\/#primaryimage","url":"https:\/\/junesthaicooking.ch\/wp-content\/uploads\/2023\/09\/Thai-Gericht-1.jpg","contentUrl":"https:\/\/junesthaicooking.ch\/wp-content\/uploads\/2023\/09\/Thai-Gericht-1.jpg","width":969,"height":640},{"@type":"BreadcrumbList","@id":"https:\/\/junesthaicooking.ch\/index.php\/catering\/#breadcrumb","itemListElement":[{"@type":"ListItem","position":1,"name":"Startseite","item":"https:\/\/junesthaicooking.ch\/"},{"@type":"ListItem","position":2,"name":"Catering"}]},{"@type":"WebSite","@id":"https:\/\/junesthaicooking.ch\/#website","url":"https:\/\/junesthaicooking.ch\/","name":"June's Thai Cooking","description":"Kochkurse - Private Dining - Catering","publisher":{"@id":"https:\/\/junesthaicooking.ch\/#organization"},"potentialAction":[{"@type":"SearchAction","target":{"@type":"EntryPoint","urlTemplate":"https:\/\/junesthaicooking.ch\/?s={search_term_string}"},"query-input":{"@type":"PropertyValueSpecification","valueRequired":true,"valueName":"search_term_string"}}],"inLanguage":"de-CH"},{"@type":"Organization","@id":"https:\/\/junesthaicooking.ch\/#organization","name":"June's Thai Cooking","url":"https:\/\/junesthaicooking.ch\/","logo":{"@type":"ImageObject","inLanguage":"de-CH","@id":"https:\/\/junesthaicooking.ch\/#\/schema\/logo\/image\/","url":"https:\/\/junesthaicooking.ch\/wp-content\/uploads\/2023\/09\/cropped-JTC-Logo-fur-Website-1.jpg","contentUrl":"https:\/\/junesthaicooking.ch\/wp-content\/uploads\/2023\/09\/cropped-JTC-Logo-fur-Website-1.jpg","width":250,"height":250,"caption":"June's Thai Cooking"},"image":{"@id":"https:\/\/junesthaicooking.ch\/#\/schema\/logo\/image\/"},"sameAs":["https:\/\/www.instagram.com\/junesthaicooking"]}]}},"_links":{"self":[{"href":"https:\/\/junesthaicooking.ch\/index.php\/wp-json\/wp\/v2\/pages\/115","targetHints":{"allow":["GET"]}}],"collection":[{"href":"https:\/\/junesthaicooking.ch\/index.php\/wp-json\/wp\/v2\/pages"}],"about":[{"href":"https:\/\/junesthaicooking.ch\/index.php\/wp-json\/wp\/v2\/types\/page"}],"author":[{"embeddable":true,"href":"https:\/\/junesthaicooking.ch\/index.php\/wp-json\/wp\/v2\/users\/1"}],"replies":[{"embeddable":true,"href":"https:\/\/junesthaicooking.ch\/index.php\/wp-json\/wp\/v2\/comments?post=115"}],"version-history":[{"count":6,"href":"https:\/\/junesthaicooking.ch\/index.php\/wp-json\/wp\/v2\/pages\/115\/revisions"}],"predecessor-version":[{"id":573,"href":"https:\/\/junesthaicooking.ch\/index.php\/wp-json\/wp\/v2\/pages\/115\/revisions\/573"}],"wp:featuredmedia":[{"embeddable":true,"href":"https:\/\/junesthaicooking.ch\/index.php\/wp-json\/wp\/v2\/media\/49"}],"wp:attachment":[{"href":"https:\/\/junesthaicooking.ch\/index.php\/wp-json\/wp\/v2\/media?parent=115"}],"curies":[{"name":"wp","href":"https:\/\/api.w.org\/{rel}","templated":true}]}}