{"id":114,"date":"2023-09-30T16:20:45","date_gmt":"2023-09-30T14:20:45","guid":{"rendered":"https:\/\/junesthaicooking.ch\/?page_id=114"},"modified":"2023-10-07T03:04:34","modified_gmt":"2023-10-07T01:04:34","slug":"private-dining","status":"publish","type":"page","link":"https:\/\/junesthaicooking.ch\/index.php\/private-dining\/","title":{"rendered":"Private Dining"},"content":{"rendered":"\n<p>Haben Sie etwas zu feiern und m\u00f6chten sich kulinarisch verw\u00f6hnen lassen? Planen Sie einen gem\u00fctlichen Abend mit Freunden? M\u00f6chten Sie Ihre Familie mit einem besonderen Essen verw\u00f6hnen?<\/p>\n\n\n\n<p>Was Sie auch vorhaben: June&#8217;s Thai Cooking steht Ihnen bei der Umsetzung Ihrer Ideen zur Seite, mit kreativen Vorschl\u00e4gen und einem tadellosen Rundum-Service, so dass Sie sich um nichts k\u00fcmmern m\u00fcssen als um Ihre Lieben.<\/p>\n\n\n\n<p><a href=\"https:\/\/junesthaicooking.ch\/index.php\/contact\/\" data-type=\"page\" data-id=\"12\">Kontaktieren Sie mich<\/a> und lassen Sie sich von mir bei der Planung Ihres Anlasses beraten \u2013 ich freue mich darauf!<\/p>\n","protected":false},"excerpt":{"rendered":"<p>Haben Sie etwas zu feiern und m\u00f6chten sich kulinarisch verw\u00f6hnen lassen? Planen Sie einen gem\u00fctlichen Abend mit Freunden? M\u00f6chten Sie Ihre Familie mit einem besonderen Essen verw\u00f6hnen? Was Sie auch vorhaben: June&#8217;s Thai Cooking steht Ihnen bei der Umsetzung Ihrer Ideen zur Seite, mit kreativen Vorschl\u00e4gen und einem tadellosen Rundum-Service, so dass Sie sich um &hellip; <\/p>\n<p class=\"link-more\"><a href=\"https:\/\/junesthaicooking.ch\/index.php\/private-dining\/\" class=\"more-link\"><span class=\"screen-reader-text\">&#171;Private Dining&#187;<\/span> weiterlesen<\/a><\/p>\n","protected":false},"author":1,"featured_media":47,"parent":0,"menu_order":0,"comment_status":"closed","ping_status":"closed","template":"","meta":{"om_disable_all_campaigns":false,"_monsterinsights_skip_tracking":false,"_monsterinsights_sitenote_active":false,"_monsterinsights_sitenote_note":"","_monsterinsights_sitenote_category":0,"_uf_show_specific_survey":0,"_uf_disable_surveys":false,"footnotes":""},"class_list":["post-114","page","type-page","status-publish","has-post-thumbnail","hentry"],"yoast_head":"<!-- This site is optimized with the Yoast SEO plugin v27.3 - https:\/\/yoast.com\/product\/yoast-seo-wordpress\/ -->\n<title>Private Dining - June&#039;s Thai Cooking<\/title>\n<meta name=\"robots\" content=\"index, follow, max-snippet:-1, max-image-preview:large, max-video-preview:-1\" \/>\n<link rel=\"canonical\" href=\"https:\/\/junesthaicooking.ch\/index.php\/private-dining\/\" \/>\n<meta property=\"og:locale\" content=\"de_DE\" \/>\n<meta property=\"og:type\" content=\"article\" \/>\n<meta property=\"og:title\" content=\"Private Dining - June&#039;s Thai Cooking\" \/>\n<meta property=\"og:description\" content=\"Haben Sie etwas zu feiern und m\u00f6chten sich kulinarisch verw\u00f6hnen lassen? Planen Sie einen gem\u00fctlichen Abend mit Freunden? M\u00f6chten Sie Ihre Familie mit einem besonderen Essen verw\u00f6hnen? Was Sie auch vorhaben: June&#8217;s Thai Cooking steht Ihnen bei der Umsetzung Ihrer Ideen zur Seite, mit kreativen Vorschl\u00e4gen und einem tadellosen Rundum-Service, so dass Sie sich um &hellip; &quot;Private Dining&quot; weiterlesen\" \/>\n<meta property=\"og:url\" content=\"https:\/\/junesthaicooking.ch\/index.php\/private-dining\/\" \/>\n<meta property=\"og:site_name\" content=\"June&#039;s Thai Cooking\" \/>\n<meta property=\"article:modified_time\" content=\"2023-10-07T01:04:34+00:00\" \/>\n<meta property=\"og:image\" content=\"https:\/\/junesthaicooking.ch\/wp-content\/uploads\/2023\/09\/Rindfleisch-Salat.jpg\" \/>\n\t<meta property=\"og:image:width\" content=\"1024\" \/>\n\t<meta property=\"og:image:height\" content=\"768\" \/>\n\t<meta property=\"og:image:type\" content=\"image\/jpeg\" \/>\n<meta name=\"twitter:card\" content=\"summary_large_image\" \/>\n<script type=\"application\/ld+json\" class=\"yoast-schema-graph\">{\"@context\":\"https:\\\/\\\/schema.org\",\"@graph\":[{\"@type\":\"WebPage\",\"@id\":\"https:\\\/\\\/junesthaicooking.ch\\\/index.php\\\/private-dining\\\/\",\"url\":\"https:\\\/\\\/junesthaicooking.ch\\\/index.php\\\/private-dining\\\/\",\"name\":\"Private Dining - June&#039;s Thai Cooking\",\"isPartOf\":{\"@id\":\"https:\\\/\\\/junesthaicooking.ch\\\/#website\"},\"primaryImageOfPage\":{\"@id\":\"https:\\\/\\\/junesthaicooking.ch\\\/index.php\\\/private-dining\\\/#primaryimage\"},\"image\":{\"@id\":\"https:\\\/\\\/junesthaicooking.ch\\\/index.php\\\/private-dining\\\/#primaryimage\"},\"thumbnailUrl\":\"https:\\\/\\\/junesthaicooking.ch\\\/wp-content\\\/uploads\\\/2023\\\/09\\\/Rindfleisch-Salat.jpg\",\"datePublished\":\"2023-09-30T14:20:45+00:00\",\"dateModified\":\"2023-10-07T01:04:34+00:00\",\"breadcrumb\":{\"@id\":\"https:\\\/\\\/junesthaicooking.ch\\\/index.php\\\/private-dining\\\/#breadcrumb\"},\"inLanguage\":\"de-CH\",\"potentialAction\":[{\"@type\":\"ReadAction\",\"target\":[\"https:\\\/\\\/junesthaicooking.ch\\\/index.php\\\/private-dining\\\/\"]}]},{\"@type\":\"ImageObject\",\"inLanguage\":\"de-CH\",\"@id\":\"https:\\\/\\\/junesthaicooking.ch\\\/index.php\\\/private-dining\\\/#primaryimage\",\"url\":\"https:\\\/\\\/junesthaicooking.ch\\\/wp-content\\\/uploads\\\/2023\\\/09\\\/Rindfleisch-Salat.jpg\",\"contentUrl\":\"https:\\\/\\\/junesthaicooking.ch\\\/wp-content\\\/uploads\\\/2023\\\/09\\\/Rindfleisch-Salat.jpg\",\"width\":1024,\"height\":768},{\"@type\":\"BreadcrumbList\",\"@id\":\"https:\\\/\\\/junesthaicooking.ch\\\/index.php\\\/private-dining\\\/#breadcrumb\",\"itemListElement\":[{\"@type\":\"ListItem\",\"position\":1,\"name\":\"Startseite\",\"item\":\"https:\\\/\\\/junesthaicooking.ch\\\/\"},{\"@type\":\"ListItem\",\"position\":2,\"name\":\"Private Dining\"}]},{\"@type\":\"WebSite\",\"@id\":\"https:\\\/\\\/junesthaicooking.ch\\\/#website\",\"url\":\"https:\\\/\\\/junesthaicooking.ch\\\/\",\"name\":\"June's Thai Cooking\",\"description\":\"Kochkurse - Private Dining - Catering\",\"publisher\":{\"@id\":\"https:\\\/\\\/junesthaicooking.ch\\\/#organization\"},\"potentialAction\":[{\"@type\":\"SearchAction\",\"target\":{\"@type\":\"EntryPoint\",\"urlTemplate\":\"https:\\\/\\\/junesthaicooking.ch\\\/?s={search_term_string}\"},\"query-input\":{\"@type\":\"PropertyValueSpecification\",\"valueRequired\":true,\"valueName\":\"search_term_string\"}}],\"inLanguage\":\"de-CH\"},{\"@type\":\"Organization\",\"@id\":\"https:\\\/\\\/junesthaicooking.ch\\\/#organization\",\"name\":\"June's Thai Cooking\",\"url\":\"https:\\\/\\\/junesthaicooking.ch\\\/\",\"logo\":{\"@type\":\"ImageObject\",\"inLanguage\":\"de-CH\",\"@id\":\"https:\\\/\\\/junesthaicooking.ch\\\/#\\\/schema\\\/logo\\\/image\\\/\",\"url\":\"https:\\\/\\\/junesthaicooking.ch\\\/wp-content\\\/uploads\\\/2023\\\/09\\\/cropped-JTC-Logo-fur-Website-1.jpg\",\"contentUrl\":\"https:\\\/\\\/junesthaicooking.ch\\\/wp-content\\\/uploads\\\/2023\\\/09\\\/cropped-JTC-Logo-fur-Website-1.jpg\",\"width\":250,\"height\":250,\"caption\":\"June's Thai Cooking\"},\"image\":{\"@id\":\"https:\\\/\\\/junesthaicooking.ch\\\/#\\\/schema\\\/logo\\\/image\\\/\"},\"sameAs\":[\"https:\\\/\\\/www.instagram.com\\\/junesthaicooking\"]}]}<\/script>\n<!-- \/ Yoast SEO plugin. -->","yoast_head_json":{"title":"Private Dining - June&#039;s Thai Cooking","robots":{"index":"index","follow":"follow","max-snippet":"max-snippet:-1","max-image-preview":"max-image-preview:large","max-video-preview":"max-video-preview:-1"},"canonical":"https:\/\/junesthaicooking.ch\/index.php\/private-dining\/","og_locale":"de_DE","og_type":"article","og_title":"Private Dining - June&#039;s Thai Cooking","og_description":"Haben Sie etwas zu feiern und m\u00f6chten sich kulinarisch verw\u00f6hnen lassen? Planen Sie einen gem\u00fctlichen Abend mit Freunden? M\u00f6chten Sie Ihre Familie mit einem besonderen Essen verw\u00f6hnen? Was Sie auch vorhaben: June&#8217;s Thai Cooking steht Ihnen bei der Umsetzung Ihrer Ideen zur Seite, mit kreativen Vorschl\u00e4gen und einem tadellosen Rundum-Service, so dass Sie sich um &hellip; \"Private Dining\" weiterlesen","og_url":"https:\/\/junesthaicooking.ch\/index.php\/private-dining\/","og_site_name":"June&#039;s Thai Cooking","article_modified_time":"2023-10-07T01:04:34+00:00","og_image":[{"width":1024,"height":768,"url":"https:\/\/junesthaicooking.ch\/wp-content\/uploads\/2023\/09\/Rindfleisch-Salat.jpg","type":"image\/jpeg"}],"twitter_card":"summary_large_image","schema":{"@context":"https:\/\/schema.org","@graph":[{"@type":"WebPage","@id":"https:\/\/junesthaicooking.ch\/index.php\/private-dining\/","url":"https:\/\/junesthaicooking.ch\/index.php\/private-dining\/","name":"Private Dining - June&#039;s Thai Cooking","isPartOf":{"@id":"https:\/\/junesthaicooking.ch\/#website"},"primaryImageOfPage":{"@id":"https:\/\/junesthaicooking.ch\/index.php\/private-dining\/#primaryimage"},"image":{"@id":"https:\/\/junesthaicooking.ch\/index.php\/private-dining\/#primaryimage"},"thumbnailUrl":"https:\/\/junesthaicooking.ch\/wp-content\/uploads\/2023\/09\/Rindfleisch-Salat.jpg","datePublished":"2023-09-30T14:20:45+00:00","dateModified":"2023-10-07T01:04:34+00:00","breadcrumb":{"@id":"https:\/\/junesthaicooking.ch\/index.php\/private-dining\/#breadcrumb"},"inLanguage":"de-CH","potentialAction":[{"@type":"ReadAction","target":["https:\/\/junesthaicooking.ch\/index.php\/private-dining\/"]}]},{"@type":"ImageObject","inLanguage":"de-CH","@id":"https:\/\/junesthaicooking.ch\/index.php\/private-dining\/#primaryimage","url":"https:\/\/junesthaicooking.ch\/wp-content\/uploads\/2023\/09\/Rindfleisch-Salat.jpg","contentUrl":"https:\/\/junesthaicooking.ch\/wp-content\/uploads\/2023\/09\/Rindfleisch-Salat.jpg","width":1024,"height":768},{"@type":"BreadcrumbList","@id":"https:\/\/junesthaicooking.ch\/index.php\/private-dining\/#breadcrumb","itemListElement":[{"@type":"ListItem","position":1,"name":"Startseite","item":"https:\/\/junesthaicooking.ch\/"},{"@type":"ListItem","position":2,"name":"Private Dining"}]},{"@type":"WebSite","@id":"https:\/\/junesthaicooking.ch\/#website","url":"https:\/\/junesthaicooking.ch\/","name":"June's Thai Cooking","description":"Kochkurse - Private Dining - Catering","publisher":{"@id":"https:\/\/junesthaicooking.ch\/#organization"},"potentialAction":[{"@type":"SearchAction","target":{"@type":"EntryPoint","urlTemplate":"https:\/\/junesthaicooking.ch\/?s={search_term_string}"},"query-input":{"@type":"PropertyValueSpecification","valueRequired":true,"valueName":"search_term_string"}}],"inLanguage":"de-CH"},{"@type":"Organization","@id":"https:\/\/junesthaicooking.ch\/#organization","name":"June's Thai Cooking","url":"https:\/\/junesthaicooking.ch\/","logo":{"@type":"ImageObject","inLanguage":"de-CH","@id":"https:\/\/junesthaicooking.ch\/#\/schema\/logo\/image\/","url":"https:\/\/junesthaicooking.ch\/wp-content\/uploads\/2023\/09\/cropped-JTC-Logo-fur-Website-1.jpg","contentUrl":"https:\/\/junesthaicooking.ch\/wp-content\/uploads\/2023\/09\/cropped-JTC-Logo-fur-Website-1.jpg","width":250,"height":250,"caption":"June's Thai Cooking"},"image":{"@id":"https:\/\/junesthaicooking.ch\/#\/schema\/logo\/image\/"},"sameAs":["https:\/\/www.instagram.com\/junesthaicooking"]}]}},"_links":{"self":[{"href":"https:\/\/junesthaicooking.ch\/index.php\/wp-json\/wp\/v2\/pages\/114","targetHints":{"allow":["GET"]}}],"collection":[{"href":"https:\/\/junesthaicooking.ch\/index.php\/wp-json\/wp\/v2\/pages"}],"about":[{"href":"https:\/\/junesthaicooking.ch\/index.php\/wp-json\/wp\/v2\/types\/page"}],"author":[{"embeddable":true,"href":"https:\/\/junesthaicooking.ch\/index.php\/wp-json\/wp\/v2\/users\/1"}],"replies":[{"embeddable":true,"href":"https:\/\/junesthaicooking.ch\/index.php\/wp-json\/wp\/v2\/comments?post=114"}],"version-history":[{"count":5,"href":"https:\/\/junesthaicooking.ch\/index.php\/wp-json\/wp\/v2\/pages\/114\/revisions"}],"predecessor-version":[{"id":184,"href":"https:\/\/junesthaicooking.ch\/index.php\/wp-json\/wp\/v2\/pages\/114\/revisions\/184"}],"wp:featuredmedia":[{"embeddable":true,"href":"https:\/\/junesthaicooking.ch\/index.php\/wp-json\/wp\/v2\/media\/47"}],"wp:attachment":[{"href":"https:\/\/junesthaicooking.ch\/index.php\/wp-json\/wp\/v2\/media?parent=114"}],"curies":[{"name":"wp","href":"https:\/\/api.w.org\/{rel}","templated":true}]}}